{"id":42,"date":"2013-01-07T23:10:21","date_gmt":"2013-01-07T22:10:21","guid":{"rendered":"http:\/\/localhost\/wordpress9\/?page_id=42"},"modified":"2024-08-22T14:22:43","modified_gmt":"2024-08-22T12:22:43","slug":"hem","status":"publish","type":"page","link":"https:\/\/underland.se\/dadsgarden\/","title":{"rendered":"Intro"},"content":{"rendered":"\r\n\tKragared is the place were<br \/>\r\nI was &#8221;born&#8221; and raised.\r\nThis is with butterflies in<br \/>\r\nmy stomach..\r\nBut it&#8217;s my journey to &#8221;heal&#8221;..<br \/>\r\nI will not tell all the details..\r\nbut I will share the pieces I loved<br \/>\r\n&#8217;bout my father&#8230;<br \/>\r\nand some flakes from my childhood&#8230;.\r\n<p>will also be a sort of understanding 4 U perhaps&#8230;<\/p>\r\n<p>A little bit more of me..<\/p>\r\nI have had no strength to tell my story before..<br \/>\r\n&#8217;cause..\r\n<p>I was angry!!!!!<\/p>\r\nfor several reasons..not telling\/explaining just right now&#8230;<br \/>\r\nin public&#8230;&#8230;&#8230;\r\nBut<br \/>\r\nhere comes<br \/>\r\nsort of a..<br \/>\r\nmemorial&#8230;<br \/>\r\nhate&#8230;<br \/>\r\ntribute&#8230;<br \/>\r\nwanna kill&#8230;.<br \/>\r\nhonouring&#8230;..<br \/>\r\nlove explanation&#8230;<br \/>\r\nto my dad,,,,\r\nThat will be &#8221;added on&#8221;<br \/>\r\nwith words and images&#8230;\r\nI promise nothing&#8230;<br \/>\r\nIt&#8217;s a tough journey&#8230;.\r\nBut hopfully I will come out more..eh..<br \/>\r\nmore strong&#8230;&#8230;<br \/>\r\nAnd become a &#8221;wee bit bigger&#8221; as a person&#8230;&#8230;\r\n<p>sigh&#8230;..<\/p>\r\n","protected":false},"excerpt":{"rendered":"<p>Kragared is the place were I was &#8221;born&#8221; and raised. This is with butterflies in my stomach.. But it&#8217;s my journey to &#8221;heal&#8221;.. I will not tell all the details.. but I will share&#46;&#46;&#46;<\/p>\n","protected":false},"author":1,"featured_media":0,"parent":0,"menu_order":0,"comment_status":"closed","ping_status":"closed","template":"","meta":{"ngg_post_thumbnail":0,"footnotes":""},"class_list":["post-42","page","type-page","status-publish","hentry"],"yoast_head":"<!-- This site is optimized with the Yoast SEO plugin v23.3 - https:\/\/yoast.com\/wordpress\/plugins\/seo\/ -->\n<title>Dads Garden - Fotoalbum av Modesty Sofronenkoff<\/title>\n<meta name=\"description\" content=\"Dads Garden \u00e4r ett personligt fotoalbum av Modesty Sofronenkoff med bilder fr\u00e5n platsen (Kragared i Halland) d\u00e4r hon v\u00e4xte upp.\" \/>\n<meta name=\"robots\" content=\"index, follow, max-snippet:-1, max-image-preview:large, max-video-preview:-1\" \/>\n<link rel=\"canonical\" href=\"https:\/\/underland.se\/dadsgarden\/\" \/>\n<meta property=\"og:locale\" content=\"sv_SE\" \/>\n<meta property=\"og:type\" content=\"article\" \/>\n<meta property=\"og:title\" content=\"Dads Garden - Fotoalbum av Modesty Sofronenkoff\" \/>\n<meta property=\"og:description\" content=\"Dads Garden \u00e4r ett personligt fotoalbum av Modesty Sofronenkoff med bilder fr\u00e5n platsen (Kragared i Halland) d\u00e4r hon v\u00e4xte upp.\" \/>\n<meta property=\"og:url\" content=\"https:\/\/underland.se\/dadsgarden\/\" \/>\n<meta property=\"og:site_name\" content=\"Dads Garden\" \/>\n<meta property=\"article:modified_time\" content=\"2024-08-22T12:22:43+00:00\" \/>\n<meta name=\"twitter:card\" content=\"summary_large_image\" \/>\n<meta name=\"twitter:label1\" content=\"Ber\u00e4knad l\u00e4stid\" \/>\n\t<meta name=\"twitter:data1\" content=\"1 minut\" \/>\n<script type=\"application\/ld+json\" class=\"yoast-schema-graph\">{\"@context\":\"https:\/\/schema.org\",\"@graph\":[{\"@type\":\"WebPage\",\"@id\":\"https:\/\/underland.se\/dadsgarden\/\",\"url\":\"https:\/\/underland.se\/dadsgarden\/\",\"name\":\"Dads Garden - Fotoalbum av Modesty Sofronenkoff\",\"isPartOf\":{\"@id\":\"https:\/\/underland.se\/dadsgarden\/#website\"},\"datePublished\":\"2013-01-07T22:10:21+00:00\",\"dateModified\":\"2024-08-22T12:22:43+00:00\",\"description\":\"Dads Garden \u00e4r ett personligt fotoalbum av Modesty Sofronenkoff med bilder fr\u00e5n platsen (Kragared i Halland) d\u00e4r hon v\u00e4xte upp.\",\"breadcrumb\":{\"@id\":\"https:\/\/underland.se\/dadsgarden\/#breadcrumb\"},\"inLanguage\":\"sv-SE\",\"potentialAction\":[{\"@type\":\"ReadAction\",\"target\":[\"https:\/\/underland.se\/dadsgarden\/\"]}]},{\"@type\":\"BreadcrumbList\",\"@id\":\"https:\/\/underland.se\/dadsgarden\/#breadcrumb\",\"itemListElement\":[{\"@type\":\"ListItem\",\"position\":1,\"name\":\"Hem\",\"item\":\"https:\/\/underland.se\/dadsgarden\/\"},{\"@type\":\"ListItem\",\"position\":2,\"name\":\"Intro\"}]},{\"@type\":\"WebSite\",\"@id\":\"https:\/\/underland.se\/dadsgarden\/#website\",\"url\":\"https:\/\/underland.se\/dadsgarden\/\",\"name\":\"Dads Garden\",\"description\":\"\",\"potentialAction\":[{\"@type\":\"SearchAction\",\"target\":{\"@type\":\"EntryPoint\",\"urlTemplate\":\"https:\/\/underland.se\/dadsgarden\/?s={search_term_string}\"},\"query-input\":\"required name=search_term_string\"}],\"inLanguage\":\"sv-SE\"}]}<\/script>\n<!-- \/ Yoast SEO plugin. -->","yoast_head_json":{"title":"Dads Garden - Fotoalbum av Modesty Sofronenkoff","description":"Dads Garden \u00e4r ett personligt fotoalbum av Modesty Sofronenkoff med bilder fr\u00e5n platsen (Kragared i Halland) d\u00e4r hon v\u00e4xte upp.","robots":{"index":"index","follow":"follow","max-snippet":"max-snippet:-1","max-image-preview":"max-image-preview:large","max-video-preview":"max-video-preview:-1"},"canonical":"https:\/\/underland.se\/dadsgarden\/","og_locale":"sv_SE","og_type":"article","og_title":"Dads Garden - Fotoalbum av Modesty Sofronenkoff","og_description":"Dads Garden \u00e4r ett personligt fotoalbum av Modesty Sofronenkoff med bilder fr\u00e5n platsen (Kragared i Halland) d\u00e4r hon v\u00e4xte upp.","og_url":"https:\/\/underland.se\/dadsgarden\/","og_site_name":"Dads Garden","article_modified_time":"2024-08-22T12:22:43+00:00","twitter_card":"summary_large_image","twitter_misc":{"Ber\u00e4knad l\u00e4stid":"1 minut"},"schema":{"@context":"https:\/\/schema.org","@graph":[{"@type":"WebPage","@id":"https:\/\/underland.se\/dadsgarden\/","url":"https:\/\/underland.se\/dadsgarden\/","name":"Dads Garden - Fotoalbum av Modesty Sofronenkoff","isPartOf":{"@id":"https:\/\/underland.se\/dadsgarden\/#website"},"datePublished":"2013-01-07T22:10:21+00:00","dateModified":"2024-08-22T12:22:43+00:00","description":"Dads Garden \u00e4r ett personligt fotoalbum av Modesty Sofronenkoff med bilder fr\u00e5n platsen (Kragared i Halland) d\u00e4r hon v\u00e4xte upp.","breadcrumb":{"@id":"https:\/\/underland.se\/dadsgarden\/#breadcrumb"},"inLanguage":"sv-SE","potentialAction":[{"@type":"ReadAction","target":["https:\/\/underland.se\/dadsgarden\/"]}]},{"@type":"BreadcrumbList","@id":"https:\/\/underland.se\/dadsgarden\/#breadcrumb","itemListElement":[{"@type":"ListItem","position":1,"name":"Hem","item":"https:\/\/underland.se\/dadsgarden\/"},{"@type":"ListItem","position":2,"name":"Intro"}]},{"@type":"WebSite","@id":"https:\/\/underland.se\/dadsgarden\/#website","url":"https:\/\/underland.se\/dadsgarden\/","name":"Dads Garden","description":"","potentialAction":[{"@type":"SearchAction","target":{"@type":"EntryPoint","urlTemplate":"https:\/\/underland.se\/dadsgarden\/?s={search_term_string}"},"query-input":"required name=search_term_string"}],"inLanguage":"sv-SE"}]}},"_links":{"self":[{"href":"https:\/\/underland.se\/dadsgarden\/wp-json\/wp\/v2\/pages\/42"}],"collection":[{"href":"https:\/\/underland.se\/dadsgarden\/wp-json\/wp\/v2\/pages"}],"about":[{"href":"https:\/\/underland.se\/dadsgarden\/wp-json\/wp\/v2\/types\/page"}],"author":[{"embeddable":true,"href":"https:\/\/underland.se\/dadsgarden\/wp-json\/wp\/v2\/users\/1"}],"replies":[{"embeddable":true,"href":"https:\/\/underland.se\/dadsgarden\/wp-json\/wp\/v2\/comments?post=42"}],"version-history":[{"count":2,"href":"https:\/\/underland.se\/dadsgarden\/wp-json\/wp\/v2\/pages\/42\/revisions"}],"predecessor-version":[{"id":587,"href":"https:\/\/underland.se\/dadsgarden\/wp-json\/wp\/v2\/pages\/42\/revisions\/587"}],"wp:attachment":[{"href":"https:\/\/underland.se\/dadsgarden\/wp-json\/wp\/v2\/media?parent=42"}],"curies":[{"name":"wp","href":"https:\/\/api.w.org\/{rel}","templated":true}]}}