{"id":431,"date":"2018-03-29T14:51:01","date_gmt":"2018-03-29T12:51:01","guid":{"rendered":"http:\/\/underland.se\/m\/?page_id=431"},"modified":"2018-03-29T15:27:02","modified_gmt":"2018-03-29T13:27:02","slug":"instagram","status":"publish","type":"page","link":"https:\/\/underland.se\/m\/instagram\/","title":{"rendered":"Instagram"},"content":{"rendered":"<p>&nbsp;<\/p>\n<p>[elfsight_instagram_feed id=&#8221;1&#8243;]<\/p>\n","protected":false},"excerpt":{"rendered":"<p>&nbsp; [elfsight_instagram_feed id=&#8221;1&#8243;]<\/p>\n","protected":false},"author":1,"featured_media":0,"parent":0,"menu_order":0,"comment_status":"closed","ping_status":"closed","template":"","meta":{"ngg_post_thumbnail":0,"footnotes":""},"class_list":["post-431","page","type-page","status-publish","hentry"],"yoast_head":"<!-- This site is optimized with the Yoast SEO plugin v24.1 - https:\/\/yoast.com\/wordpress\/plugins\/seo\/ -->\n<title>Modesty Sofronenkoff p\u00e5 Instagram - se mina bilder.<\/title>\n<meta name=\"description\" content=\"F\u00f6lj Modesty Sofronenkoff p\u00e5 Instagram, se bilder av Modestys konst. Fr\u00e4mst monterade fotografier p\u00e5 canvas eller papper.\" \/>\n<meta name=\"robots\" content=\"index, follow, max-snippet:-1, max-image-preview:large, max-video-preview:-1\" \/>\n<link rel=\"canonical\" href=\"https:\/\/underland.se\/m\/instagram\/\" \/>\n<meta property=\"og:locale\" content=\"sv_SE\" \/>\n<meta property=\"og:type\" content=\"article\" \/>\n<meta property=\"og:title\" content=\"Modesty Sofronenkoff p\u00e5 Instagram - se mina bilder.\" \/>\n<meta property=\"og:description\" content=\"F\u00f6lj Modesty Sofronenkoff p\u00e5 Instagram, se bilder av Modestys konst. Fr\u00e4mst monterade fotografier p\u00e5 canvas eller papper.\" \/>\n<meta property=\"og:url\" content=\"https:\/\/underland.se\/m\/instagram\/\" \/>\n<meta property=\"og:site_name\" content=\"Modesty\u00b4s Artwork\" \/>\n<meta property=\"article:modified_time\" content=\"2018-03-29T13:27:02+00:00\" \/>\n<script type=\"application\/ld+json\" class=\"yoast-schema-graph\">{\"@context\":\"https:\/\/schema.org\",\"@graph\":[{\"@type\":\"WebPage\",\"@id\":\"https:\/\/underland.se\/m\/instagram\/\",\"url\":\"https:\/\/underland.se\/m\/instagram\/\",\"name\":\"Modesty Sofronenkoff p\u00e5 Instagram - se mina bilder.\",\"isPartOf\":{\"@id\":\"https:\/\/underland.se\/m\/#website\"},\"datePublished\":\"2018-03-29T12:51:01+00:00\",\"dateModified\":\"2018-03-29T13:27:02+00:00\",\"description\":\"F\u00f6lj Modesty Sofronenkoff p\u00e5 Instagram, se bilder av Modestys konst. Fr\u00e4mst monterade fotografier p\u00e5 canvas eller papper.\",\"breadcrumb\":{\"@id\":\"https:\/\/underland.se\/m\/instagram\/#breadcrumb\"},\"inLanguage\":\"sv-SE\",\"potentialAction\":[{\"@type\":\"ReadAction\",\"target\":[\"https:\/\/underland.se\/m\/instagram\/\"]}]},{\"@type\":\"BreadcrumbList\",\"@id\":\"https:\/\/underland.se\/m\/instagram\/#breadcrumb\",\"itemListElement\":[{\"@type\":\"ListItem\",\"position\":1,\"name\":\"Home\",\"item\":\"https:\/\/underland.se\/m\/\"},{\"@type\":\"ListItem\",\"position\":2,\"name\":\"Instagram\"}]},{\"@type\":\"WebSite\",\"@id\":\"https:\/\/underland.se\/m\/#website\",\"url\":\"https:\/\/underland.se\/m\/\",\"name\":\"Modesty\u00b4s Artwork\",\"description\":\"Kroki - M\u00e5leri - Skulptur - och annat - p\u00e5 Atelj\u00e9 S\u00f6der i Halmstad\",\"potentialAction\":[{\"@type\":\"SearchAction\",\"target\":{\"@type\":\"EntryPoint\",\"urlTemplate\":\"https:\/\/underland.se\/m\/?s={search_term_string}\"},\"query-input\":{\"@type\":\"PropertyValueSpecification\",\"valueRequired\":true,\"valueName\":\"search_term_string\"}}],\"inLanguage\":\"sv-SE\"}]}<\/script>\n<!-- \/ Yoast SEO plugin. -->","yoast_head_json":{"title":"Modesty Sofronenkoff p\u00e5 Instagram - se mina bilder.","description":"F\u00f6lj Modesty Sofronenkoff p\u00e5 Instagram, se bilder av Modestys konst. Fr\u00e4mst monterade fotografier p\u00e5 canvas eller papper.","robots":{"index":"index","follow":"follow","max-snippet":"max-snippet:-1","max-image-preview":"max-image-preview:large","max-video-preview":"max-video-preview:-1"},"canonical":"https:\/\/underland.se\/m\/instagram\/","og_locale":"sv_SE","og_type":"article","og_title":"Modesty Sofronenkoff p\u00e5 Instagram - se mina bilder.","og_description":"F\u00f6lj Modesty Sofronenkoff p\u00e5 Instagram, se bilder av Modestys konst. Fr\u00e4mst monterade fotografier p\u00e5 canvas eller papper.","og_url":"https:\/\/underland.se\/m\/instagram\/","og_site_name":"Modesty\u00b4s Artwork","article_modified_time":"2018-03-29T13:27:02+00:00","schema":{"@context":"https:\/\/schema.org","@graph":[{"@type":"WebPage","@id":"https:\/\/underland.se\/m\/instagram\/","url":"https:\/\/underland.se\/m\/instagram\/","name":"Modesty Sofronenkoff p\u00e5 Instagram - se mina bilder.","isPartOf":{"@id":"https:\/\/underland.se\/m\/#website"},"datePublished":"2018-03-29T12:51:01+00:00","dateModified":"2018-03-29T13:27:02+00:00","description":"F\u00f6lj Modesty Sofronenkoff p\u00e5 Instagram, se bilder av Modestys konst. Fr\u00e4mst monterade fotografier p\u00e5 canvas eller papper.","breadcrumb":{"@id":"https:\/\/underland.se\/m\/instagram\/#breadcrumb"},"inLanguage":"sv-SE","potentialAction":[{"@type":"ReadAction","target":["https:\/\/underland.se\/m\/instagram\/"]}]},{"@type":"BreadcrumbList","@id":"https:\/\/underland.se\/m\/instagram\/#breadcrumb","itemListElement":[{"@type":"ListItem","position":1,"name":"Home","item":"https:\/\/underland.se\/m\/"},{"@type":"ListItem","position":2,"name":"Instagram"}]},{"@type":"WebSite","@id":"https:\/\/underland.se\/m\/#website","url":"https:\/\/underland.se\/m\/","name":"Modesty\u00b4s Artwork","description":"Kroki - M\u00e5leri - Skulptur - och annat - p\u00e5 Atelj\u00e9 S\u00f6der i Halmstad","potentialAction":[{"@type":"SearchAction","target":{"@type":"EntryPoint","urlTemplate":"https:\/\/underland.se\/m\/?s={search_term_string}"},"query-input":{"@type":"PropertyValueSpecification","valueRequired":true,"valueName":"search_term_string"}}],"inLanguage":"sv-SE"}]}},"_links":{"self":[{"href":"https:\/\/underland.se\/m\/wp-json\/wp\/v2\/pages\/431"}],"collection":[{"href":"https:\/\/underland.se\/m\/wp-json\/wp\/v2\/pages"}],"about":[{"href":"https:\/\/underland.se\/m\/wp-json\/wp\/v2\/types\/page"}],"author":[{"embeddable":true,"href":"https:\/\/underland.se\/m\/wp-json\/wp\/v2\/users\/1"}],"replies":[{"embeddable":true,"href":"https:\/\/underland.se\/m\/wp-json\/wp\/v2\/comments?post=431"}],"version-history":[{"count":0,"href":"https:\/\/underland.se\/m\/wp-json\/wp\/v2\/pages\/431\/revisions"}],"wp:attachment":[{"href":"https:\/\/underland.se\/m\/wp-json\/wp\/v2\/media?parent=431"}],"curies":[{"name":"wp","href":"https:\/\/api.w.org\/{rel}","templated":true}]}}