{"id":120,"date":"2012-07-18T11:54:49","date_gmt":"2012-07-18T11:54:49","guid":{"rendered":"http:\/\/modestyspictures.se\/modesty\/?page_id=120"},"modified":"2022-10-30T15:40:44","modified_gmt":"2022-10-30T14:40:44","slug":"latest-events-2","status":"publish","type":"page","link":"https:\/\/underland.se\/modesty\/en\/latest-events-2\/","title":{"rendered":"Latest"},"content":{"rendered":"<div id='1' class='widgets_on_page wop_tiny1  wop_small1  wop_medium1  wop_large1  wop_wide1'>\n\t\t\t<ul><li id=\"em_widget-2\" class=\"widget widget_em_widget\"><div class=\"em pixelbones em-list-widget em-events-widget\"><strong><span style=\"font-size: x-large;\">Skulpturer och Foto<\/span><\/strong> 06\/07\/2013 - 28\/07\/2013 <br\/><p style=\"text-align: center;\">\u00a0<\/p>\n<p style=\"text-align: center;\"><span style=\"font-size: medium;\"><strong>\u00a0V\u00e4lkommen p\u00e5 vernissage 6 Juli i Walter Bengtssons atelj\u00e9 i <a title=\"till bastask\u00e4rs hemsida, \u00f6ppnas i ny flik\" href=\"http:\/\/www.bastaskar.se\" target=\"_blank\">bastask\u00e4r<\/a>.<\/strong><\/span><\/p>\n<p style=\"text-align: center;\"><strong>Utst\u00e4llningen p\u00e5g\u00e5r till och med 28 Juli.<\/strong><\/p>\n<p><img loading=\"lazy\" decoding=\"async\" class=\"aligncenter size-full wp-image-289\" alt=\"basta1\" src=\"http:\/\/underland.se\/modesty\/wp-content\/uploads\/basta1.jpg\" width=\"421\" height=\"500\" srcset=\"https:\/\/underland.se\/modesty\/wp-content\/uploads\/basta1.jpg 421w, https:\/\/underland.se\/modesty\/wp-content\/uploads\/basta1-252x300.jpg 252w\" sizes=\"(max-width: 421px) 100vw, 421px\" \/><img loading=\"lazy\" decoding=\"async\" class=\"aligncenter size-full wp-image-290\" alt=\"basta2\" src=\"http:\/\/underland.se\/modesty\/wp-content\/uploads\/basta2.gif\" width=\"600\" height=\"154\" \/><\/p>\n<br \/><div style=\"height: 1px; width: 98%;background-color:#A66B05;margin-bottom:10px;\" ><\/div><strong><span style=\"font-size: x-large;\">Foto \u2013 Tema Svartvit<\/span><\/strong> 16\/02\/2013 - 03\/03\/2013 <br\/><p style=\"text-align: center;\">\u00a0<\/p>\n<p style=\"text-align: center;\"><strong><span style=\"font-size: large;\">Fotoutst\u00e4llning p\u00e5 <a title=\"Klicka f\u00f6r Galleri 70's hemsida\" href=\"http:\/\/galleri70.se\" target=\"_blank\">Galleri 70 Halmstad<\/a><\/span><img loading=\"lazy\" decoding=\"async\" class=\"size-full wp-image-206 aligncenter\" alt=\"svartvit\" src=\"http:\/\/underland.se\/modesty\/wp-content\/uploads\/svartvit.jpg\" width=\"355\" height=\"463\" srcset=\"https:\/\/underland.se\/modesty\/wp-content\/uploads\/svartvit.jpg 355w, https:\/\/underland.se\/modesty\/wp-content\/uploads\/svartvit-230x300.jpg 230w\" sizes=\"(max-width: 355px) 100vw, 355px\" \/><\/strong><\/p>\n<p style=\"text-align: center;\"><strong>Medverkande:<br \/><\/strong><a href=\"http:\/\/www.mattiasjohanssonphotography.com\" target=\"_blank\">Mattias Johansson<\/a>, <a href=\"http:\/\/mickep.carbonmade.com\" target=\"_blank\">Mike Pettersson<\/a>, <br \/><a href=\"http:\/\/www.reitmaier.se\" target=\"_blank\">Anders Reitmaier<\/a>,<a href=\"http:\/\/www.bostromberg.se\/\" target=\"_blank\">Bo Str\u00f6mberg<\/a>, <br \/><a href=\"http:\/\/modestyspictures.se\" target=\"_blank\">Modesty Sofronenkoff<\/a>, <a href=\"https:\/\/www.facebook.com\/AnnaHoviFroioArtStudio\" target=\"_blank\">Anna Froio<\/a>.<\/p>\n<p style=\"text-align: center;\">Vernissage 16 Februari 12.00 &#8211; 17.00<br \/>Utst\u00e4llningen p\u00e5g\u00e5r 16 feb &#8211; 3 mars<br \/>\u00d6ppettider onsdag &#8211; s\u00f6ndag 12.00 &#8211; 17.00<\/p>\n<br \/><div style=\"height: 1px; width: 98%;background-color:#A66B05;margin-bottom:10px;\" ><\/div><strong><span style=\"font-size: x-large;\">Bodies<\/span><\/strong> 14\/04\/2012 - 28\/04\/2012 <br\/><p>2012-04-06 (From my old Site)<\/p>\n<p style=\"text-align: center;\"><strong>&#8221;Bodies&#8221; &#8211; Utst\u00e4llning i Tofta, Varberg<\/strong><br \/><strong>14:e -28:e april 2012.<\/strong><\/p>\n<p style=\"text-align: center;\"><img loading=\"lazy\" decoding=\"async\" class=\"aligncenter size-full wp-image-572\" title=\"Cristoffer090617_48PolBurn1_ToftaVarberg_2012\" src=\"http:\/\/underland.se\/modesty\/wp-content\/uploads\/Cristoffer090617_48PolBurn1_ToftaVarberg_2012.jpg\" alt=\"\" width=\"376\" height=\"501\" \/><\/p>\n<p style=\"text-align: center;\"><a href=\"http:\/\/www.toftakonstgalleri.se\/\" target=\"_blank\">http:\/\/www.toftakonstgalleri.se\/<\/a><\/p>\n<br \/><div style=\"height: 1px; width: 98%;background-color:#A66B05;margin-bottom:10px;\" ><\/div><strong><span style=\"font-size: x-large;\">Reflektioner<\/span><\/strong> 24\/03\/2012 - 20\/04\/2012 <br\/><p>2012-04-06 (From my old Site)<\/p>\n<p style=\"text-align: center;\"><strong>&#8221;REFLEKTIONER&#8221; Modesty &amp; Ilona<br \/><img loading=\"lazy\" decoding=\"async\" class=\"aligncenter size-full wp-image-566\" title=\"Reflections_110804_129A\" src=\"http:\/\/underland.se\/modesty\/wp-content\/uploads\/Reflections_110804_129A.jpg\" alt=\"\" width=\"723\" height=\"480\" \/><br \/><\/strong><\/p>\n<br \/><div style=\"height: 1px; width: 98%;background-color:#A66B05;margin-bottom:10px;\" ><\/div><strong><span style=\"font-size: x-large;\">Fotoutst\u00e4llning<\/span><\/strong> 02\/07\/2011 - 30\/07\/2011 <br\/><p>2009-10-01 (From my old Site)<\/p>\n<p style=\"text-align: center;\"><img loading=\"lazy\" decoding=\"async\" class=\"aligncenter size-full wp-image-562\" title=\"glashyttan\" src=\"http:\/\/underland.se\/modesty\/wp-content\/uploads\/glashyttan.gif\" alt=\"\" width=\"620\" height=\"480\" \/><strong>Vernissage L\u00f6rdag 2:a juli<\/strong><\/p>\n<br \/><div style=\"height: 1px; width: 98%;background-color:#A66B05;margin-bottom:10px;\" ><\/div><\/div><\/li><\/ul><\/div><!-- widgets_on_page -->","protected":false},"excerpt":{"rendered":"","protected":false},"author":1,"featured_media":0,"parent":0,"menu_order":0,"comment_status":"closed","ping_status":"closed","template":"","meta":{"ngg_post_thumbnail":0,"footnotes":""},"class_list":["post-120","page","type-page","status-publish","hentry"],"_links":{"self":[{"href":"https:\/\/underland.se\/modesty\/en\/wp-json\/wp\/v2\/pages\/120"}],"collection":[{"href":"https:\/\/underland.se\/modesty\/en\/wp-json\/wp\/v2\/pages"}],"about":[{"href":"https:\/\/underland.se\/modesty\/en\/wp-json\/wp\/v2\/types\/page"}],"author":[{"embeddable":true,"href":"https:\/\/underland.se\/modesty\/en\/wp-json\/wp\/v2\/users\/1"}],"replies":[{"embeddable":true,"href":"https:\/\/underland.se\/modesty\/en\/wp-json\/wp\/v2\/comments?post=120"}],"version-history":[{"count":0,"href":"https:\/\/underland.se\/modesty\/en\/wp-json\/wp\/v2\/pages\/120\/revisions"}],"wp:attachment":[{"href":"https:\/\/underland.se\/modesty\/en\/wp-json\/wp\/v2\/media?parent=120"}],"curies":[{"name":"wp","href":"https:\/\/api.w.org\/{rel}","templated":true}]}}