{"id":257,"date":"2013-04-18T00:27:34","date_gmt":"2013-04-17T22:27:34","guid":{"rendered":"http:\/\/modestyspictures.se\/modesty\/?page_id=257"},"modified":"2024-08-22T19:04:25","modified_gmt":"2024-08-22T17:04:25","slug":"om-mig","status":"publish","type":"page","link":"https:\/\/underland.se\/modesty\/om-mig\/","title":{"rendered":"Om mig"},"content":{"rendered":"\n\n\t<p>&nbsp;<\/p>\n<p><strong>Jag heter Modesty Jackie Sofronenkoff, <\/strong>h\u00e4lften Ryss &amp; h\u00e4lften Svensk.<img loading=\"lazy\" decoding=\"async\" src=\"https:\/\/underland.se\/modesty\/wp-content\/uploads\/m.jpg\" alt=\"m\" width=\"204\" height=\"187\" \/><\/p>\nJag \u00e4r egenf\u00f6retagande multikreativ kulturarbetare.<br \/>\nMitt f\u00f6retag <strong>MJS Art &amp; Music<\/strong> s\u00e4ljer min konst, v\u00e5ra musikframtr\u00e4danden, workshops och kursarrangemang.\nJag fotograferar b\u00e5de analogt och digitalt.<br \/>\nNatur, m\u00e4nniskor, k\u00e4nslor, lukter, situationer \u00e4r min inspiration&#8230;tja,s\u00e5 gott som allt!!!\nSom basist,gitarrist,violinist och s\u00e5ngerska har jag \u00e4ven frilansat.<br \/>\nSkriver ocks\u00e5 egna l\u00e5tar.\n<p>Min partner och jag har en inspelningsstudio, d\u00e4r vi spelar in v\u00e5ra skivor &#8211; Studio out of control.<\/p>\n<h4><strong>N\u00e5gra musikprojekt:<\/strong><\/h4>\n<a title=\"Network\" href=\"http:\/\/underland.se\/network\" target=\"_blank\" rel=\"noopener noreferrer\">Network<\/a> (min egen musik)<br \/>\n<a href=\"http:\/\/underland.se\/woodmans\" target=\"_blank\" rel=\"noopener noreferrer\">Woodmans<\/a> (mitt coverband)<br \/>\n<a href=\"http:\/\/underland.se\/hangrov\" target=\"_blank\" rel=\"noopener noreferrer\">Hangrov<\/a> (Alien folkdance)\n\t<strong>Jag har min egen atelj\u00e9 d\u00e4r jag m\u00e5lar och skulpterar.<\/strong><br \/>\nJag arrangerar kv\u00e4llskurser i kroki , tv\u00e5 g\u00e5nger i veckan,<br \/>\nsamt <strong>&#8221;LillaKonstSkolan&#8221;<\/strong>, f\u00f6r barn &amp; ungdomar.<br \/>\nJag har st\u00e4llt ut b\u00e5de internationellt och nationellt.\n<p>&nbsp;<\/p>\n<p><img loading=\"lazy\" decoding=\"async\" src=\"https:\/\/underland.se\/modesty\/wp-content\/uploads\/nysign2.png\" alt=\"\" width=\"100\" height=\"68\" \/><\/p>\n\n","protected":false},"excerpt":{"rendered":"<p>&nbsp; Jag heter Modesty Jackie Sofronenkoff, h\u00e4lften Ryss &amp; h\u00e4lften Svensk. Jag \u00e4r egenf\u00f6retagande multikreativ kulturarbetare. Mitt f\u00f6retag MJS Art &amp; Music s\u00e4ljer min konst, v\u00e5ra musikframtr\u00e4danden, workshops och kursarrangemang. Jag fotograferar b\u00e5de analogt och digitalt. Natur, m\u00e4nniskor, k\u00e4nslor, lukter, situationer \u00e4r min inspiration&#8230;tja,s\u00e5 gott som allt!!! Som basist,gitarrist,violinist och s\u00e5ngerska har jag \u00e4ven frilansat. [&hellip;]<\/p>\n","protected":false},"author":1,"featured_media":0,"parent":0,"menu_order":0,"comment_status":"closed","ping_status":"closed","template":"","meta":{"ngg_post_thumbnail":0,"footnotes":""},"class_list":["post-257","page","type-page","status-publish","hentry"],"_links":{"self":[{"href":"https:\/\/underland.se\/modesty\/wp-json\/wp\/v2\/pages\/257"}],"collection":[{"href":"https:\/\/underland.se\/modesty\/wp-json\/wp\/v2\/pages"}],"about":[{"href":"https:\/\/underland.se\/modesty\/wp-json\/wp\/v2\/types\/page"}],"author":[{"embeddable":true,"href":"https:\/\/underland.se\/modesty\/wp-json\/wp\/v2\/users\/1"}],"replies":[{"embeddable":true,"href":"https:\/\/underland.se\/modesty\/wp-json\/wp\/v2\/comments?post=257"}],"version-history":[{"count":1,"href":"https:\/\/underland.se\/modesty\/wp-json\/wp\/v2\/pages\/257\/revisions"}],"predecessor-version":[{"id":1010,"href":"https:\/\/underland.se\/modesty\/wp-json\/wp\/v2\/pages\/257\/revisions\/1010"}],"wp:attachment":[{"href":"https:\/\/underland.se\/modesty\/wp-json\/wp\/v2\/media?parent=257"}],"curies":[{"name":"wp","href":"https:\/\/api.w.org\/{rel}","templated":true}]}}